{"id":90,"date":"2023-01-28T21:59:45","date_gmt":"2023-01-28T20:59:45","guid":{"rendered":"https:\/\/krajka.com\/?page_id=90"},"modified":"2025-01-20T22:36:05","modified_gmt":"2025-01-20T21:36:05","slug":"souteze","status":"publish","type":"page","link":"https:\/\/krajka.com\/?page_id=90","title":{"rendered":"Sout\u011b\u017ee"},"content":{"rendered":"\t\t<div data-elementor-type=\"wp-page\" data-elementor-id=\"90\" class=\"elementor elementor-90\">\n\t\t\t\t\t\t\t\t\t<section class=\"elementor-section elementor-top-section elementor-element elementor-element-67d32b1 elementor-section-boxed elementor-section-height-default elementor-section-height-default\" data-id=\"67d32b1\" data-element_type=\"section\">\n\t\t\t\t\t\t<div class=\"elementor-container elementor-column-gap-default\">\n\t\t\t\t\t<div class=\"elementor-column elementor-col-100 elementor-top-column elementor-element elementor-element-8c61d7d\" data-id=\"8c61d7d\" data-element_type=\"column\">\n\t\t\t<div class=\"elementor-widget-wrap elementor-element-populated\">\n\t\t\t\t\t\t\t\t<div class=\"elementor-element elementor-element-2037f72 elementor-widget elementor-widget-text-editor\" data-id=\"2037f72\" data-element_type=\"widget\" data-widget_type=\"text-editor.default\">\n\t\t\t\t<div class=\"elementor-widget-container\">\n\t\t\t<style>\/*! elementor - v3.10.1 - 17-01-2023 *\/\n.elementor-widget-text-editor.elementor-drop-cap-view-stacked .elementor-drop-cap{background-color:#818a91;color:#fff}.elementor-widget-text-editor.elementor-drop-cap-view-framed .elementor-drop-cap{color:#818a91;border:3px solid;background-color:transparent}.elementor-widget-text-editor:not(.elementor-drop-cap-view-default) .elementor-drop-cap{margin-top:8px}.elementor-widget-text-editor:not(.elementor-drop-cap-view-default) .elementor-drop-cap-letter{width:1em;height:1em}.elementor-widget-text-editor .elementor-drop-cap{float:left;text-align:center;line-height:1;font-size:50px}.elementor-widget-text-editor .elementor-drop-cap-letter{display:inline-block}<\/style>\t\t\t\t<h2><strong>2025<\/strong><\/h2>\t\t\t\t\t\t<\/div>\n\t\t\t\t<\/div>\n\t\t\t\t\t<\/div>\n\t\t<\/div>\n\t\t\t\t\t\t\t<\/div>\n\t\t<\/section>\n\t\t\t\t<section class=\"elementor-section elementor-top-section elementor-element elementor-element-1eaf7f3 elementor-section-boxed elementor-section-height-default elementor-section-height-default\" data-id=\"1eaf7f3\" data-element_type=\"section\">\n\t\t\t\t\t\t<div class=\"elementor-container elementor-column-gap-default\">\n\t\t\t\t\t<div class=\"elementor-column elementor-col-100 elementor-top-column elementor-element elementor-element-11f36ea\" data-id=\"11f36ea\" data-element_type=\"column\">\n\t\t\t<div class=\"elementor-widget-wrap elementor-element-populated\">\n\t\t\t\t\t\t\t\t<div class=\"elementor-element elementor-element-09cabc2 elementor-widget elementor-widget-text-editor\" data-id=\"09cabc2\" data-element_type=\"widget\" data-widget_type=\"text-editor.default\">\n\t\t\t\t<div class=\"elementor-widget-container\">\n\t\t\t\t\t\t\t<p><strong>OIDFA 2025,<\/strong> 16.\u201318. 8., Kalofer, Karlovo, Bulharsko <br \/><strong><em>T\u00e9ma sout\u011b\u017ee: Connection, neboli Spojen\u00ed, propojen\u00ed.<\/em><\/strong> <br \/>Tento text je citace z\u00a0Oxfordsk\u00e9ho anglick\u00e9ho slovn\u00edku, kde popisuj\u00ed v\u00fdznam slova spojen\u00ed jako vztah, ve kter\u00e9m je osoba, v\u011bc \u010di n\u00e1pad propojen s\u00a0n\u011b\u010d\u00edm jin\u00fdm. Navazujeme spojen\u00ed denn\u011b, n\u011bkter\u00e9 z\u00a0nich z\u016fst\u00e1vaj\u00ed do\u017eivotn\u011b, ostatn\u00ed maj\u00ed kr\u00e1tkou existenci. Spojujeme se s\u00a0lidmi a\u00a0vytv\u00e1\u0159\u00edme v\u011b\u010dn\u00e1 p\u0159\u00e1telstv\u00ed, propojujeme lekce ka\u017edodenn\u00edho \u017eivota a\u00a0budujeme sv\u016fj sv\u011btov\u00fd obraz, propojujeme starod\u00e1vn\u00e9 s\u00a0modern\u00edm a\u00a0pom\u00e1h\u00e1me tomu, aby se \u017eivot neust\u00e1le ot\u00e1\u010del. Cel\u00fd n\u00e1\u0161 sv\u011bt je sb\u00edrkou nes\u010detn\u00fdch spojen\u00ed. Ani krajk\u00e1\u0159stv\u00ed by nebylo mo\u017en\u00e9, kdyby mezi jednotliv\u00fdmi nit\u011bmi nebyly spoje. Zapojte svou fantazii do pr\u00e1ce, vezm\u011bte pali\u010dky a\u00a0uka\u017ete n\u00e1m sv\u016fj pohled na toto t\u00e9ma.<\/p><p>Pravidla sout\u011b\u017ee:<br \/>1. Krajka mus\u00ed b\u00fdt navr\u017eena autorem. 2. Krajka z\u016fstane majetkem autora. 3. Krajka mus\u00ed b\u00fdt origin\u00e1ln\u00ed a\u00a0nesm\u00ed b\u00fdt d\u0159\u00edve zve\u0159ejn\u011bna. <br \/>4. Krajka mus\u00ed b\u00fdt zpracov\u00e1na v\u00a0pali\u010dkovan\u00e9 nebo \u0161it\u00e9 technice, nebo v\u00a0kombinaci obou \u010di s\u00a0dal\u0161\u00edmi textiln\u00edmi technikami. <br \/>5. Lze pou\u017e\u00edt jak\u00fdkoliv materi\u00e1l a\u00a0barvu a\u00a0m\u016f\u017ee b\u00fdt zpracov\u00e1na ve dvou nebo t\u0159ech rozm\u011brech. <br \/>6. Ka\u017ed\u00e1 osoba m\u016f\u017ee zaslat v\u00edce ne\u017e jeden kus krajky, kter\u00fd vyrobil \u010dlen nebo skupina. <br \/>7. Celkov\u00e9 rozm\u011bry jsou 50x50x50 cm pro trojrozm\u011brn\u00e1 d\u00edla a\u00a0bez omezen\u00ed pro dvourozm\u011brn\u00e9 krajky. <br \/>8. Pokud bude d\u00edlo zar\u00e1movan\u00e9, tak beze skla. <br \/>9. \u00da\u010dast v\u00a0sout\u011b\u017ei d\u00e1v\u00e1 pr\u00e1vo pro OIDFA d\u00edlo publikovat. <br \/>10. Krajku bude hodnotit nestrann\u00e1 porota. <br \/>Ceny: Jednotlivci 1. 2. a\u00a03. cena a\u00a0certifik\u00e1t. <br \/>Mlad\u00e9 krajk\u00e1\u0159ky do 12 let: 1. cena a\u00a0certifik\u00e1t.<br \/>Mlad\u00e9 krajk\u00e1\u0159ky 12\u201318 let: 1. cena a\u00a0certifik\u00e1t. <br \/>Skupiny: 1. cena a\u00a0certifik\u00e1t.<\/p><p>Odesl\u00e1n\u00ed krajky: p\u0159ihl\u00e1\u0161ky odeslat mezi 1. a\u00a030. \u010dervnem 2025 spolu s\u00a0p\u0159ihl\u00e1\u0161kou. Ta bude ke sta\u017een\u00ed na Bulgaria@gmail.com. Po\u0161tovn\u00e9 plat\u00ed \u00fa\u010dastn\u00edk. K\u00a0pr\u00e1ci mus\u00ed b\u00fdt p\u0159ilo\u017eena reprezentativn\u00ed barevn\u00e1 fotografie, s\u00a0n\u00e1zvem krajky, jm\u00e9nem a\u00a0adresou autora, ozna\u010den\u00ed dole a\u00a0naho\u0159e a\u00a0m\u011bla by b\u00fdt vlo\u017eena do ob\u00e1lky a\u00a0p\u0159ilo\u017eena ke krajce.<\/p><p>Vyzvednut\u00ed krajky: krajka by m\u011bla b\u00fdt vyzvednuta mezi 17.00 a\u00a018.00 v\u00a0ned\u011bli 17. srpna 2025. Krajku za\u0161lete na adresu: Radoslava Balabanov\u00e1 Creative Center of Kalofer Bobbin Lace Ul. Georgi Shopov 3 Kalofer 4370 Bulgaria<\/p>\t\t\t\t\t\t<\/div>\n\t\t\t\t<\/div>\n\t\t\t\t\t<\/div>\n\t\t<\/div>\n\t\t\t\t\t\t\t<\/div>\n\t\t<\/section>\n\t\t\t\t<section class=\"elementor-section elementor-top-section elementor-element elementor-element-b208c5b elementor-section-boxed elementor-section-height-default elementor-section-height-default\" data-id=\"b208c5b\" data-element_type=\"section\">\n\t\t\t\t\t\t<div class=\"elementor-container elementor-column-gap-default\">\n\t\t\t\t\t<div class=\"elementor-column elementor-col-100 elementor-top-column elementor-element elementor-element-50ab287\" data-id=\"50ab287\" data-element_type=\"column\">\n\t\t\t<div class=\"elementor-widget-wrap elementor-element-populated\">\n\t\t\t\t\t\t\t\t<div class=\"elementor-element elementor-element-d8774e8 elementor-widget elementor-widget-text-editor\" data-id=\"d8774e8\" data-element_type=\"widget\" data-widget_type=\"text-editor.default\">\n\t\t\t\t<div class=\"elementor-widget-container\">\n\t\t\t\t\t\t\t<p>B\u00e1bence O. Z. vyhla\u0161uje krajk\u00e1\u0159skou sout\u011b\u017e <br \/><strong><em>Dar\u010dek k 10. v\u00fdro\u010diu festivalu<\/em><\/strong> <br \/>Krajka mus\u00ed b\u00fdt autorsk\u00e1, nikdy nepublikovan\u00e1. Krajku ozna\u010denou jm\u00e9nem a adresou autora za\u0161lete do 30. 4. 2025 na adresu: B\u00e1bence, \u0160portov\u00e1 382\/1, 922 02 Krakovany<br \/>Info: babencekrakovany@gmail.com<\/p>\t\t\t\t\t\t<\/div>\n\t\t\t\t<\/div>\n\t\t\t\t\t<\/div>\n\t\t<\/div>\n\t\t\t\t\t\t\t<\/div>\n\t\t<\/section>\n\t\t\t\t<section class=\"elementor-section elementor-top-section elementor-element elementor-element-37ff089 elementor-section-boxed elementor-section-height-default elementor-section-height-default\" data-id=\"37ff089\" data-element_type=\"section\">\n\t\t\t\t\t\t<div class=\"elementor-container elementor-column-gap-default\">\n\t\t\t\t\t<div class=\"elementor-column elementor-col-100 elementor-top-column elementor-element elementor-element-8b0623a\" data-id=\"8b0623a\" data-element_type=\"column\">\n\t\t\t<div class=\"elementor-widget-wrap elementor-element-populated\">\n\t\t\t\t\t\t\t\t<div class=\"elementor-element elementor-element-df7b5af elementor-widget elementor-widget-text-editor\" data-id=\"df7b5af\" data-element_type=\"widget\" data-widget_type=\"text-editor.default\">\n\t\t\t\t<div class=\"elementor-widget-container\">\n\t\t\t\t\t\t\t<p>Oblastn\u00ed muzeum v Chomutov\u011b, Palack\u00e9ho 86, 430 01 Chomutov, Spolek \u0161it\u00e1 krajka Chomutov po\u0159\u00e1d\u00e1 Sout\u011b\u017e <em><strong>Krajka a Patchwork<\/strong><\/em><br \/>II. ro\u010dn\u00edk P\u0159ehl\u00eddky kru\u0161nohorsk\u00e9 \u0161it\u00e9 a pali\u010dkovan\u00e9 krajky<br \/>Sout\u011b\u017en\u00ed pr\u00e1ce je t\u0159eba doru\u010dit na adresu muzea v Chomutov\u011b do konce dubna 2025.<\/p>\t\t\t\t\t\t<\/div>\n\t\t\t\t<\/div>\n\t\t\t\t\t<\/div>\n\t\t<\/div>\n\t\t\t\t\t\t\t<\/div>\n\t\t<\/section>\n\t\t\t\t\t\t\t<\/div>\n\t\t","protected":false},"excerpt":{"rendered":"<p>2025 OIDFA 2025, 16.\u201318. 8., Kalofer, Karlovo, Bulharsko T\u00e9ma sout\u011b\u017ee: Connection, neboli Spojen\u00ed, propojen\u00ed. Tento text je citace z\u00a0Oxfordsk\u00e9ho anglick\u00e9ho slovn\u00edku, kde popisuj\u00ed v\u00fdznam slova spojen\u00ed jako vztah, ve kter\u00e9m je osoba, v\u011bc \u010di n\u00e1pad propojen s\u00a0n\u011b\u010d\u00edm jin\u00fdm. Navazujeme spojen\u00ed &hellip; <a href=\"https:\/\/krajka.com\/?page_id=90\">Cel\u00fd p\u0159\u00edsp\u011bvek <span class=\"meta-nav\">&rarr;<\/span><\/a><\/p>\n","protected":false},"author":1,"featured_media":0,"parent":0,"menu_order":0,"comment_status":"closed","ping_status":"closed","template":"","meta":{"_mi_skip_tracking":false,"footnotes":""},"class_list":["post-90","page","type-page","status-publish","hentry"],"_links":{"self":[{"href":"https:\/\/krajka.com\/index.php?rest_route=\/wp\/v2\/pages\/90","targetHints":{"allow":["GET"]}}],"collection":[{"href":"https:\/\/krajka.com\/index.php?rest_route=\/wp\/v2\/pages"}],"about":[{"href":"https:\/\/krajka.com\/index.php?rest_route=\/wp\/v2\/types\/page"}],"author":[{"embeddable":true,"href":"https:\/\/krajka.com\/index.php?rest_route=\/wp\/v2\/users\/1"}],"replies":[{"embeddable":true,"href":"https:\/\/krajka.com\/index.php?rest_route=%2Fwp%2Fv2%2Fcomments&post=90"}],"version-history":[{"count":6,"href":"https:\/\/krajka.com\/index.php?rest_route=\/wp\/v2\/pages\/90\/revisions"}],"predecessor-version":[{"id":452,"href":"https:\/\/krajka.com\/index.php?rest_route=\/wp\/v2\/pages\/90\/revisions\/452"}],"wp:attachment":[{"href":"https:\/\/krajka.com\/index.php?rest_route=%2Fwp%2Fv2%2Fmedia&parent=90"}],"curies":[{"name":"wp","href":"https:\/\/api.w.org\/{rel}","templated":true}]}}