{"id":69,"date":"2023-01-28T00:36:44","date_gmt":"2023-01-27T23:36:44","guid":{"rendered":"https:\/\/krajka.com\/?page_id=69"},"modified":"2025-12-09T22:06:42","modified_gmt":"2025-12-09T21:06:42","slug":"vystavy-a-akce","status":"publish","type":"page","link":"https:\/\/krajka.com\/?page_id=69","title":{"rendered":"V\u00fdstavy a akce"},"content":{"rendered":"\t\t<div data-elementor-type=\"wp-page\" data-elementor-id=\"69\" class=\"elementor elementor-69\">\n\t\t\t\t\t\t\t\t\t<section class=\"elementor-section elementor-top-section elementor-element elementor-element-54cda53 elementor-section-boxed elementor-section-height-default elementor-section-height-default\" data-id=\"54cda53\" data-element_type=\"section\">\n\t\t\t\t\t\t<div class=\"elementor-container elementor-column-gap-default\">\n\t\t\t\t\t<div class=\"elementor-column elementor-col-100 elementor-top-column elementor-element elementor-element-f7ffca0\" data-id=\"f7ffca0\" data-element_type=\"column\">\n\t\t\t<div class=\"elementor-widget-wrap elementor-element-populated\">\n\t\t\t\t\t\t\t\t<div class=\"elementor-element elementor-element-f05de29 elementor-widget elementor-widget-text-editor\" data-id=\"f05de29\" data-element_type=\"widget\" data-widget_type=\"text-editor.default\">\n\t\t\t\t<div class=\"elementor-widget-container\">\n\t\t\t<style>\/*! elementor - v3.10.1 - 17-01-2023 *\/\n.elementor-widget-text-editor.elementor-drop-cap-view-stacked .elementor-drop-cap{background-color:#818a91;color:#fff}.elementor-widget-text-editor.elementor-drop-cap-view-framed .elementor-drop-cap{color:#818a91;border:3px solid;background-color:transparent}.elementor-widget-text-editor:not(.elementor-drop-cap-view-default) .elementor-drop-cap{margin-top:8px}.elementor-widget-text-editor:not(.elementor-drop-cap-view-default) .elementor-drop-cap-letter{width:1em;height:1em}.elementor-widget-text-editor .elementor-drop-cap{float:left;text-align:center;line-height:1;font-size:50px}.elementor-widget-text-editor .elementor-drop-cap-letter{display:inline-block}<\/style>\t\t\t\t<h2><strong>2025<\/strong><\/h2>\t\t\t\t\t\t<\/div>\n\t\t\t\t<\/div>\n\t\t\t\t\t<\/div>\n\t\t<\/div>\n\t\t\t\t\t\t\t<\/div>\n\t\t<\/section>\n\t\t\t\t<section class=\"elementor-section elementor-top-section elementor-element elementor-element-84a0edf elementor-section-boxed elementor-section-height-default elementor-section-height-default\" data-id=\"84a0edf\" data-element_type=\"section\">\n\t\t\t\t\t\t<div class=\"elementor-container elementor-column-gap-default\">\n\t\t\t\t\t<div class=\"elementor-column elementor-col-100 elementor-top-column elementor-element elementor-element-79bb015\" data-id=\"79bb015\" data-element_type=\"column\">\n\t\t\t<div class=\"elementor-widget-wrap elementor-element-populated\">\n\t\t\t\t\t\t\t\t<div class=\"elementor-element elementor-element-70fa8ef elementor-widget elementor-widget-text-editor\" data-id=\"70fa8ef\" data-element_type=\"widget\" data-widget_type=\"text-editor.default\">\n\t\t\t\t<div class=\"elementor-widget-container\">\n\t\t\t\t\t\t\t<h3><strong>V\u00e1no\u010dn\u00ed v\u00fdstavy<\/strong><\/h3>\t\t\t\t\t\t<\/div>\n\t\t\t\t<\/div>\n\t\t\t\t\t<\/div>\n\t\t<\/div>\n\t\t\t\t\t\t\t<\/div>\n\t\t<\/section>\n\t\t\t\t<section class=\"elementor-section elementor-top-section elementor-element elementor-element-4fc64ea elementor-section-boxed elementor-section-height-default elementor-section-height-default\" data-id=\"4fc64ea\" data-element_type=\"section\">\n\t\t\t\t\t\t<div class=\"elementor-container elementor-column-gap-default\">\n\t\t\t\t\t<div class=\"elementor-column elementor-col-100 elementor-top-column elementor-element elementor-element-9b50925\" data-id=\"9b50925\" data-element_type=\"column\">\n\t\t\t<div class=\"elementor-widget-wrap elementor-element-populated\">\n\t\t\t\t\t\t\t\t<div class=\"elementor-element elementor-element-2192827 elementor-widget elementor-widget-text-editor\" data-id=\"2192827\" data-element_type=\"widget\" data-widget_type=\"text-editor.default\">\n\t\t\t\t<div class=\"elementor-widget-container\">\n\t\t\t\t\t\t\t<p class=\"-wm-Textbody\">Praha 1, Betl\u00e9msk\u00e9 n\u00e1m. 256\/5, Betl\u00e9msk\u00e1 kaple<br \/><b>Staro\u010desk\u00fd v\u00e1no\u010dn\u00ed trh v\u00a0Betl\u00e9msk\u00e9 kapli 2025<br \/><\/b>28. 11. 2025\u20132. 1. 2026<br \/>otev\u0159eno denn\u011b 9:00\u201318:00, 24. \u00a0a 31. 12. 2024 9:00\u201314:00, <br \/>25. 12. 2024 a 1. 1. 2025 13:00\u201318:00<br \/>info:\u00a0<a href=\"http:\/\/www.vanocnivystava.cz\/\" target=\"_blank\" rel=\"noopener\">www.vanocnivystava.cz<\/a><\/p><p class=\"-wm-MsoNormal\">Praha, N\u00e1m\u011bst\u00ed 14. \u0159\u00edjna 83\/15, M\u011bstsk\u00e1 knihovna<br \/><b>\u0158emesla st\u00e1le \u017eiv\u00e1<br \/><\/b>1. 11.\u201330. 12. 2025<br \/>otev\u0159eno: po: 13:00\u201319:00, \u00fat\u2013p\u00e1: 9:00\u201319:00, so: 9:00\u201313:00<br \/>info:\u00a0<a href=\"http:\/\/www.vsur.cz\/\" target=\"_blank\" rel=\"noopener\">www.vsur.cz<\/a><\/p><p class=\"-wm-MsoNormal\">\u010cesk\u00e9 Bud\u011bjovice, Dukelsk\u00e1 1, Hlavn\u00ed budova Jiho\u010desk\u00e9ho muzea<br \/><b>V\u00e1noce v\u00a0pavu\u010dince<br \/><\/b>28. 11. 2025\u20134. 1. 2026<br \/>otev\u0159eno: \u00fat \u2013 ne, sv\u00e1tky: 9:00\u201317:30, 24. a 31. 12. 2025 \u00a0otev\u0159eno 9:00\u201313:00<br \/>info: <a href=\"https:\/\/www.muzeumcb.cz\/files\/files\/Doprovodny-program(1).jpg\" target=\"_blank\" rel=\"noopener\">https:\/\/www.muzeumcb.cz\/files\/files\/Doprovodny-program(1).jpg<\/a><\/p><p class=\"-wm-MsoNormal\">Votice, Kl\u00e1\u0161tern\u00ed 1, Kl\u00e1\u0161ter sv. Franti\u0161ka z\u00a0Assisi<br \/><b>V\u00e1noce v\u00a0krajce<br \/><\/b>1.\u201330. 12. 2025<br \/>otev\u0159eno: po\u2013p\u00e1: 10:00\u201312:00 a 13:00\u201316:00,<br \/>so, ne, sv\u00e1tky: 13:00\u201316:00, 24. 12. zav\u0159eno<br \/>V\u00a0ned\u011bli 14. 12. od 13 do 17 hodin setk\u00e1n\u00ed s\u00a0autorkami v\u00fdstavy<br \/>info:\u00a0<a href=\"http:\/\/www.klaster-votice.cz\/\" target=\"_blank\" rel=\"noopener\">www.klaster-votice.cz<\/a>,<br \/><a href=\"https:\/\/www.klaster-votice.cz\/vismo\/kalendar-detail.asp?id=1768\" target=\"_blank\" rel=\"noopener\">https:\/\/www.klaster-votice.cz\/vismo\/kalendar-detail.asp?id=1768<\/a><\/p><p class=\"-wm-MsoNormal\">Kraslice, M\u011bstsk\u00e1 knihovna<br \/><b>Pali\u010dkovan\u00fd t\u0159pyt nejen o V\u00e1noc\u00edch<br \/><\/b>3. 11. 2025 \u2013 9. 1. 2026<br \/>info:\u00a0<a href=\"http:\/\/www.vsur.cz\/\" target=\"_blank\" rel=\"noopener\">www.vsur.cz<\/a>,\u00a0<a href=\"https:\/\/mk-kraslice.cz\/\" target=\"_blank\" rel=\"noopener\">https:\/\/mk-kraslice.cz\/<\/a><\/p><p class=\"-wm-MsoNormal\">Str\u00e1\u017eov 71, M\u011bstsk\u00fd \u00fa\u0159ad, 1. patro<br \/><b>V\u00e1no\u010dn\u00ed zastaven\u00ed s\u00a0krajkou<br \/><\/b>29. 11. 2025\u20137. 2. 2026<\/p><p class=\"-wm-MsoNormal\">Prosenice, Muzeum<br \/><b>V\u00e1no\u010dn\u00ed v\u00fdstava<br \/><\/b>15. 11.\u201328. 12. 2025<br \/>otev\u0159eno: ne: 14:00\u201317:00<\/p><p class=\"-wm-MsoNormal\">Slovensko, Nitra, Fra\u0148a Mojtu 18, hlavn\u00e1 budova krajskej kni\u017enice<br \/><b>\u010cipkovan\u00e9 drobnosti z\u00a0fant\u00e1zie hojnosti<br \/><\/b>2.\u201330. 12. 2025<br \/>info:\u00a0<a href=\"https:\/\/krajskakniznicanitra.sk\/index.php\/events\/478-vernisaz-cipkovane-drobnosti-z-fantazie-hojnosti\" target=\"_blank\" rel=\"noopener\">https:\/\/krajskakniznicanitra.sk\/index.php\/events\/478-vernisaz-cipkovane-drobnosti-z-fantazie-hojnosti<\/a><\/p><p class=\"-wm-MsoNormal\">Nejdek, n\u00e1m. Karla IV. 398, M\u011bstsk\u00e1 knihovna<br \/><b>V\u00e1\u017eky \u2013 v\u00fdstava pali\u010dkovan\u00fdch krajek<br \/><\/b>13. 11. 2025\u20138. 1. 2026<br \/>info:\u00a0<a href=\"https:\/\/www.nejdek.cz\/aktivity\/kultura\/kalendar-akci\/vystava-palickovane-krajky-2029_945cs.html\" target=\"_blank\" rel=\"noopener\">https:\/\/www.nejdek.cz\/aktivity\/kultura\/kalendar-akci\/vystava-palickovane-krajky-2029_945cs.html<\/a><\/p><p class=\"-wm-MsoNormal\">Karlovy Vary, Dvory, Z\u00e1vodn\u00ed 378\/84, Krajsk\u00e1 knihovna<br \/><b>Mot\u00fdli \u2013 pali\u010dkovan\u00e1 krajka<br \/><\/b>4. 11.\u201330. 12. 2025<br \/>info:\u00a0<a href=\"https:\/\/www.knihovnakv.cz\/akce\/palickovana-krajka-motyli-a19706.htm\" target=\"_blank\" rel=\"noopener\">https:\/\/www.knihovnakv.cz\/akce\/palickovana-krajka-motyli-a19706.htm<\/a><\/p>\t\t\t\t\t\t<\/div>\n\t\t\t\t<\/div>\n\t\t\t\t\t<\/div>\n\t\t<\/div>\n\t\t\t\t\t\t\t<\/div>\n\t\t<\/section>\n\t\t\t\t<section class=\"elementor-section elementor-top-section elementor-element elementor-element-3a51527 elementor-section-boxed elementor-section-height-default elementor-section-height-default\" data-id=\"3a51527\" data-element_type=\"section\">\n\t\t\t\t\t\t<div class=\"elementor-container elementor-column-gap-default\">\n\t\t\t\t\t<div class=\"elementor-column elementor-col-100 elementor-top-column elementor-element elementor-element-3ca7c10\" data-id=\"3ca7c10\" data-element_type=\"column\">\n\t\t\t<div class=\"elementor-widget-wrap elementor-element-populated\">\n\t\t\t\t\t\t\t\t<div class=\"elementor-element elementor-element-c511994 elementor-widget elementor-widget-text-editor\" data-id=\"c511994\" data-element_type=\"widget\" data-widget_type=\"text-editor.default\">\n\t\t\t\t<div class=\"elementor-widget-container\">\n\t\t\t\t\t\t\t<ul class=\"widgets\">\n<li class=\"about-project widget\">\n<h2>Vamberk &#8211; Krajk\u00e1\u0159sk\u00e9 slavnosti aneb Den s krajkou<\/h2>\n<p>28.6. 2025<\/p>\n<p><b>Husovo n\u00e1m\u011bst\u00ed a kostel sv. Prokopa<br><\/b>11:00 m\u00f3dn\u00ed p\u0159ehl\u00eddka Krajk\u00e1\u0159sk\u00e9 \u0161koly<br>Podorlick\u00fd jarmark, z\u00f3na pro posezen\u00ed, doprovodn\u00fd program<br>15:00 vystoupen\u00ed UniBigBand Vamberk<\/p>\n<p><b>Radnice<br><\/b>v\u00fdstava projektu Spole\u010dn\u011b k 130. v\u00fdro\u010d\u00ed narozen\u00ed Marie Sedl\u00e1\u010dkov\u00e9 Serbouskov\u00e9<br>prodej krajk\u00e1\u0159sk\u00fdch pot\u0159eb<\/p>\n<p><b>M\u011bstsk\u00e1 knihovna Vamberk<br><\/b>v\u00fdstava: Barevn\u00fd krajkov\u00fd \u017eivot Ivany Domanjov\u00e9 a Jolany Davidovi\u010dov\u00e9<br>doprovodn\u00fd program<br>prodej krajk\u00e1\u0159sk\u00fdch pot\u0159eb<\/p>\n<p><b>Krajk\u00e1\u0159sk\u00e1 \u0161kola Vamberk<br><\/b>v\u00fdstava vlastn\u00ed tvorby \u201eKrajky ze \u0161koly\u201c<br>prodej krajk\u00e1\u0159sk\u00fdch pot\u0159eb<\/p>\n<p><b>Muzeum krajky Vamberk<br><\/b>13:00 vernis\u00e1\u017e v\u00fdstavy Krajky pro Marii<br>13:30 p\u0159edn\u00e1\u0161ka k projektu Krajky pro Marii \u2013 Mark\u00e9ta Tallerov\u00e1 a Ivanka \u0160pundov\u00e1<br>Od 14:00 workshop \u2013 z\u00e1kladn\u00ed techniky + uk\u00e1zka krajek podle n\u00e1vrhu Marie Sedl\u00e1\u010dkov\u00e9 Serbouskov\u00e9<\/p><ul><li>v\u00fdstava krajk\u00e1\u0159ky Jany Novak<\/li><\/ul><\/li>\n<\/ul>\t\t\t\t\t\t<\/div>\n\t\t\t\t<\/div>\n\t\t\t\t\t<\/div>\n\t\t<\/div>\n\t\t\t\t\t\t\t<\/div>\n\t\t<\/section>\n\t\t\t\t<section class=\"elementor-section elementor-top-section elementor-element elementor-element-6f630f2 elementor-section-boxed elementor-section-height-default elementor-section-height-default\" data-id=\"6f630f2\" data-element_type=\"section\">\n\t\t\t\t\t\t<div class=\"elementor-container elementor-column-gap-default\">\n\t\t\t\t\t<div class=\"elementor-column elementor-col-100 elementor-top-column elementor-element elementor-element-5ff2fcc\" data-id=\"5ff2fcc\" data-element_type=\"column\">\n\t\t\t<div class=\"elementor-widget-wrap elementor-element-populated\">\n\t\t\t\t\t\t\t\t<div class=\"elementor-element elementor-element-cbae18c elementor-widget elementor-widget-text-editor\" data-id=\"cbae18c\" data-element_type=\"widget\" data-widget_type=\"text-editor.default\">\n\t\t\t\t<div class=\"elementor-widget-container\">\n\t\t\t\t\t\t\t<p>Marcela Hovadov\u00e1 V\u00e1s zve do <b>Krajk\u00e1\u0159sk\u00e9 \u0161koly Vamberk dne 28. 6. 2025<\/b>, kde bude m\u00edt sv\u016fj st\u00e1nek a v\u00a0n\u011bm vystaveny \u201elapa\u010de sn\u016f\u201c v\u00a0kombinaci \u010dernob\u00edl\u00e9 barvy, kter\u00e9 byly vystaveny na XII. bien\u00e1le krajky v Sebourgu ve Francii a zhotoveny krajk\u00e1\u0159kami z kurzu ve Vrchlab\u00ed.\u00a0P\u0159ij\u010fte se pod\u00edvat.<\/p>\t\t\t\t\t\t<\/div>\n\t\t\t\t<\/div>\n\t\t\t\t\t<\/div>\n\t\t<\/div>\n\t\t\t\t\t\t\t<\/div>\n\t\t<\/section>\n\t\t\t\t<section class=\"elementor-section elementor-top-section elementor-element elementor-element-5900d90 elementor-section-boxed elementor-section-height-default elementor-section-height-default\" data-id=\"5900d90\" data-element_type=\"section\">\n\t\t\t\t\t\t<div class=\"elementor-container elementor-column-gap-default\">\n\t\t\t\t\t<div class=\"elementor-column elementor-col-50 elementor-top-column elementor-element elementor-element-e900973\" data-id=\"e900973\" data-element_type=\"column\">\n\t\t\t<div class=\"elementor-widget-wrap elementor-element-populated\">\n\t\t\t\t\t\t\t\t<div class=\"elementor-element elementor-element-0a7fc3a elementor-widget elementor-widget-text-editor\" data-id=\"0a7fc3a\" data-element_type=\"widget\" data-widget_type=\"text-editor.default\">\n\t\t\t\t<div class=\"elementor-widget-container\">\n\t\t\t\t\t\t\t<p class=\"-wm-MsoNormal\">Tvrz Ln\u00e1\u0159e<br \/><b>Souzn\u011bn\u00ed pali\u010dkovan\u00e9 krajky a fotografie &#8211; <\/b>O\u013ega a Jan Kurzovi<br \/>27. 6. &#8211; 31. 8. 2025 (cca 30 expon\u00e1t\u016f)<\/p><p class=\"-wm-MsoNormal\">Krom\u011b\u0159\u00ed\u017e D\u016fm kultury<br \/><b>Souzn\u011bn\u00ed pali\u010dkovan\u00e9 krajky a fotografie &#8211; <\/b>O\u013ega a Jan Kurzovi<br \/>17. 7. &#8211; 18. 8. 2025 (cca 50 expon\u00e1t\u016f)<\/p><p class=\"-wm-MsoNormal\">Brno, J\u00edrova 2, Galerie \u00da\u0159adu m\u011bstsk\u00e9 \u010d\u00e1sti Brno-L\u00ed\u0161e\u0148<br \/><b>Souzn\u011bn\u00ed pali\u010dkovan\u00e9 krajky a fotografie &#8211; <\/b>O\u013ega a Jan Kurzovi<br \/>1. 11. &#8211; 30. 11 .2025 (cca 16 expon\u00e1t\u016f)<br \/>Krom\u011b vlastn\u00edch expon\u00e1t\u016f bude k disposici i kalend\u00e1\u0159 na rok 2026.<\/p><p class=\"-wm-MsoNormal\">info: O\u013ega a Jan Kurzovi, tel. 774401432,\u00a0<a href=\"mailto:jan@kurzovci.sk\" target=\"_blank\" rel=\"noopener\">jan@kurzovci.sk<\/a>, resp.\u00a0<a href=\"mailto:olga@kurzovci.sk\" target=\"_blank\" rel=\"noopener\">olga@kurzovci.sk<\/a><\/p>\t\t\t\t\t\t<\/div>\n\t\t\t\t<\/div>\n\t\t\t\t\t<\/div>\n\t\t<\/div>\n\t\t\t\t<div class=\"elementor-column elementor-col-50 elementor-top-column elementor-element elementor-element-ad390c6\" data-id=\"ad390c6\" data-element_type=\"column\">\n\t\t\t<div class=\"elementor-widget-wrap elementor-element-populated\">\n\t\t\t\t\t\t\t\t<div class=\"elementor-element elementor-element-1bfdf0b elementor-widget elementor-widget-image\" data-id=\"1bfdf0b\" data-element_type=\"widget\" data-widget_type=\"image.default\">\n\t\t\t\t<div class=\"elementor-widget-container\">\n\t\t\t<style>\/*! elementor - v3.10.1 - 17-01-2023 *\/\n.elementor-widget-image{text-align:center}.elementor-widget-image a{display:inline-block}.elementor-widget-image a img[src$=\".svg\"]{width:48px}.elementor-widget-image img{vertical-align:middle;display:inline-block}<\/style>\t\t\t\t\t\t\t\t\t\t\t\t<img loading=\"lazy\" decoding=\"async\" width=\"452\" height=\"640\" src=\"https:\/\/krajka.com\/wp-content\/uploads\/2025\/06\/Kurzovi-Lnare.jpg\" class=\"attachment-large size-large wp-image-479\" alt=\"\" srcset=\"https:\/\/krajka.com\/wp-content\/uploads\/2025\/06\/Kurzovi-Lnare.jpg 452w, https:\/\/krajka.com\/wp-content\/uploads\/2025\/06\/Kurzovi-Lnare-212x300.jpg 212w\" sizes=\"auto, (max-width: 452px) 100vw, 452px\" \/>\t\t\t\t\t\t\t\t\t\t\t\t\t\t\t<\/div>\n\t\t\t\t<\/div>\n\t\t\t\t\t<\/div>\n\t\t<\/div>\n\t\t\t\t\t\t\t<\/div>\n\t\t<\/section>\n\t\t\t\t<section class=\"elementor-section elementor-top-section elementor-element elementor-element-b76a16b elementor-section-boxed elementor-section-height-default elementor-section-height-default\" data-id=\"b76a16b\" data-element_type=\"section\">\n\t\t\t\t\t\t<div class=\"elementor-container elementor-column-gap-default\">\n\t\t\t\t\t<div class=\"elementor-column elementor-col-50 elementor-top-column elementor-element elementor-element-a20ad05\" data-id=\"a20ad05\" data-element_type=\"column\">\n\t\t\t<div class=\"elementor-widget-wrap elementor-element-populated\">\n\t\t\t\t\t\t\t\t<div class=\"elementor-element elementor-element-29b9012 elementor-widget elementor-widget-text-editor\" data-id=\"29b9012\" data-element_type=\"widget\" data-widget_type=\"text-editor.default\">\n\t\t\t\t<div class=\"elementor-widget-container\">\n\t\t\t\t\t\t\t<p>Praha 1, U P\u016fj\u010dovny 9, Galerie Emilie Pali\u010dkov\u00e9 (VO\u0160T\u0158 a SU\u0160T\u0158)<\/p><div><strong><em>V\u00fdstava k poct\u011b Emilie Pali\u010dkov\u00e9 ze Sb\u00edrky \u0161koly, dopln\u011bn\u00e1 studentsk\u00fdmi pracemi inspirovan\u00fdmi krajkou Slun\u00ed\u010dko od Emilie Pali\u010dkov\u00e9.<\/em><\/strong><\/div><div>\u00a0<\/div><div>Otev\u0159eno od 14. 6. do 27. 6. 2025,<\/div><div>Po-p\u00e1 10.00-18.00.<\/div>\t\t\t\t\t\t<\/div>\n\t\t\t\t<\/div>\n\t\t\t\t\t<\/div>\n\t\t<\/div>\n\t\t\t\t<div class=\"elementor-column elementor-col-50 elementor-top-column elementor-element elementor-element-75cbe88\" data-id=\"75cbe88\" data-element_type=\"column\">\n\t\t\t<div class=\"elementor-widget-wrap elementor-element-populated\">\n\t\t\t\t\t\t\t\t<div class=\"elementor-element elementor-element-a770b56 elementor-widget elementor-widget-image\" data-id=\"a770b56\" data-element_type=\"widget\" data-widget_type=\"image.default\">\n\t\t\t\t<div class=\"elementor-widget-container\">\n\t\t\t\t\t\t\t\t\t\t\t\t\t\t\t<img loading=\"lazy\" decoding=\"async\" width=\"408\" height=\"1024\" src=\"https:\/\/krajka.com\/wp-content\/uploads\/2025\/06\/plakat_mn_2025_vystava_web-408x1024.jpg\" class=\"attachment-large size-large wp-image-478\" alt=\"\" srcset=\"https:\/\/krajka.com\/wp-content\/uploads\/2025\/06\/plakat_mn_2025_vystava_web-408x1024.jpg 408w, https:\/\/krajka.com\/wp-content\/uploads\/2025\/06\/plakat_mn_2025_vystava_web-120x300.jpg 120w, https:\/\/krajka.com\/wp-content\/uploads\/2025\/06\/plakat_mn_2025_vystava_web-768x1926.jpg 768w, https:\/\/krajka.com\/wp-content\/uploads\/2025\/06\/plakat_mn_2025_vystava_web-817x2048.jpg 817w, https:\/\/krajka.com\/wp-content\/uploads\/2025\/06\/plakat_mn_2025_vystava_web-scaled.jpg 1021w\" sizes=\"auto, (max-width: 408px) 100vw, 408px\" \/>\t\t\t\t\t\t\t\t\t\t\t\t\t\t\t<\/div>\n\t\t\t\t<\/div>\n\t\t\t\t\t<\/div>\n\t\t<\/div>\n\t\t\t\t\t\t\t<\/div>\n\t\t<\/section>\n\t\t\t\t\t\t\t<\/div>\n\t\t","protected":false},"excerpt":{"rendered":"<p>2025 V\u00e1no\u010dn\u00ed v\u00fdstavy Praha 1, Betl\u00e9msk\u00e9 n\u00e1m. 256\/5, Betl\u00e9msk\u00e1 kapleStaro\u010desk\u00fd v\u00e1no\u010dn\u00ed trh v\u00a0Betl\u00e9msk\u00e9 kapli 202528. 11. 2025\u20132. 1. 2026otev\u0159eno denn\u011b 9:00\u201318:00, 24. \u00a0a 31. 12. 2024 9:00\u201314:00, 25. 12. 2024 a 1. 1. 2025 13:00\u201318:00info:\u00a0www.vanocnivystava.cz Praha, N\u00e1m\u011bst\u00ed 14. \u0159\u00edjna 83\/15, &hellip; <a href=\"https:\/\/krajka.com\/?page_id=69\">Cel\u00fd p\u0159\u00edsp\u011bvek <span class=\"meta-nav\">&rarr;<\/span><\/a><\/p>\n","protected":false},"author":1,"featured_media":0,"parent":0,"menu_order":0,"comment_status":"closed","ping_status":"closed","template":"","meta":{"_mi_skip_tracking":false,"footnotes":""},"class_list":["post-69","page","type-page","status-publish","hentry"],"_links":{"self":[{"href":"https:\/\/krajka.com\/index.php?rest_route=\/wp\/v2\/pages\/69","targetHints":{"allow":["GET"]}}],"collection":[{"href":"https:\/\/krajka.com\/index.php?rest_route=\/wp\/v2\/pages"}],"about":[{"href":"https:\/\/krajka.com\/index.php?rest_route=\/wp\/v2\/types\/page"}],"author":[{"embeddable":true,"href":"https:\/\/krajka.com\/index.php?rest_route=\/wp\/v2\/users\/1"}],"replies":[{"embeddable":true,"href":"https:\/\/krajka.com\/index.php?rest_route=%2Fwp%2Fv2%2Fcomments&post=69"}],"version-history":[{"count":7,"href":"https:\/\/krajka.com\/index.php?rest_route=\/wp\/v2\/pages\/69\/revisions"}],"predecessor-version":[{"id":503,"href":"https:\/\/krajka.com\/index.php?rest_route=\/wp\/v2\/pages\/69\/revisions\/503"}],"wp:attachment":[{"href":"https:\/\/krajka.com\/index.php?rest_route=%2Fwp%2Fv2%2Fmedia&parent=69"}],"curies":[{"name":"wp","href":"https:\/\/api.w.org\/{rel}","templated":true}]}}