{"id":20,"date":"2023-01-26T23:16:17","date_gmt":"2023-01-26T22:16:17","guid":{"rendered":"https:\/\/krajka.com\/?page_id=20"},"modified":"2023-01-31T19:40:02","modified_gmt":"2023-01-31T18:40:02","slug":"o-krajce","status":"publish","type":"page","link":"https:\/\/krajka.com\/","title":{"rendered":"Krajka"},"content":{"rendered":"\t\t<div data-elementor-type=\"wp-page\" data-elementor-id=\"20\" class=\"elementor elementor-20\">\n\t\t\t\t\t\t\t\t\t<section class=\"elementor-section elementor-top-section elementor-element elementor-element-33ce402 elementor-section-boxed elementor-section-height-default elementor-section-height-default\" data-id=\"33ce402\" data-element_type=\"section\">\n\t\t\t\t\t\t<div class=\"elementor-container elementor-column-gap-default\">\n\t\t\t\t\t<div class=\"elementor-column elementor-col-100 elementor-top-column elementor-element elementor-element-252b7a1\" data-id=\"252b7a1\" data-element_type=\"column\">\n\t\t\t<div class=\"elementor-widget-wrap elementor-element-populated\">\n\t\t\t\t\t\t\t\t<div class=\"elementor-element elementor-element-8e92d70 elementor-widget elementor-widget-text-editor\" data-id=\"8e92d70\" data-element_type=\"widget\" data-widget_type=\"text-editor.default\">\n\t\t\t\t<div class=\"elementor-widget-container\">\n\t\t\t<style>\/*! elementor - v3.10.1 - 17-01-2023 *\/\n.elementor-widget-text-editor.elementor-drop-cap-view-stacked .elementor-drop-cap{background-color:#818a91;color:#fff}.elementor-widget-text-editor.elementor-drop-cap-view-framed .elementor-drop-cap{color:#818a91;border:3px solid;background-color:transparent}.elementor-widget-text-editor:not(.elementor-drop-cap-view-default) .elementor-drop-cap{margin-top:8px}.elementor-widget-text-editor:not(.elementor-drop-cap-view-default) .elementor-drop-cap-letter{width:1em;height:1em}.elementor-widget-text-editor .elementor-drop-cap{float:left;text-align:center;line-height:1;font-size:50px}.elementor-widget-text-editor .elementor-drop-cap-letter{display:inline-block}<\/style>\t\t\t\t<p><span class=\"text_tucny_18\"><span class=\"text_stribrny_18\">V roce 1999 zalo\u017eily Ing. Olga Knop-Kostkov\u00e1, Anna Hal\u00edkov\u00e1 a akad. mal. Alina Ja\u0161kov\u00e1 sdru\u017een\u00ed Krajka s c\u00edlem sdru\u017eovat krajk\u00e1\u0159ky z \u010cesk\u00e9 republiky i ze zahrani\u010d\u00ed, vyd\u00e1vat \u010dasopis, po\u0159\u00e1dat sout\u011b\u017ee a sympozia.\u00a0\u00a0<br \/><\/span><\/span><span class=\"text_tucny_18\"><span class=\"text_stribrny_18\">V roce 2003 Olga Knop-Kostkov\u00e1 z veden\u00ed Krajky ode\u0161la. <br \/><\/span><\/span><span class=\"text_tucny_18\"><span class=\"text_stribrny_18\">\u010casopis nyn\u00ed vyd\u00e1v\u00e1 \u010cesk\u00e1 pali\u010dka s.r.o., v redakci z\u016fstala Anna Hal\u00edkov\u00e1 a Alina Ja\u0161kov\u00e1.\u00a0<br \/>Za Slovenskou republiku je v redakci \u010dasopisu je\u0161t\u011b PhDr. Juraj Zajonc.\u00a0<br \/>V tom, aby v\u0161e fungovalo, jim pom\u00e1h\u00e1 \u0159ada dobrovoln\u00fdch spolupracovn\u00edk\u016f.<\/span><\/span><\/p><p>Chcete-li m\u00edt aktu\u00e1ln\u00ed informace o v\u00fdstav\u00e1ch a krajk\u00e1\u0159sk\u00fdch akc\u00edch, je mo\u017en\u00e9 o n\u011b za\u017e\u00e1dat na emailu:\u00a0 <a href=\"mailto:krajka.info@seznam.cz\">krajka.info@seznam.cz<\/a>, kam sta\u010d\u00ed zaslat v\u00e1\u0161 email, jm\u00e9no a p\u0159\u00edjmen\u00ed.\u00a0Informace jsou zdarma. Nepos\u00edlejte na tento email \u017e\u00e1dn\u00e9 dotazy ohledn\u011b \u010dasopisu Krajka. D\u011bkujeme.<\/p><p>Budete-li m\u00edt v\u00fdstavu nebo budete-li o n\u011bjak\u00e9 krajk\u00e1\u0159sk\u00e9 akci \u010di zaj\u00edmavosti v\u011bd\u011bt, napi\u0161te n\u00e1m, r\u00e1di o tom budeme informovat.<\/p>\t\t\t\t\t\t<\/div>\n\t\t\t\t<\/div>\n\t\t\t\t\t<\/div>\n\t\t<\/div>\n\t\t\t\t\t\t\t<\/div>\n\t\t<\/section>\n\t\t\t\t\t\t\t<\/div>\n\t\t","protected":false},"excerpt":{"rendered":"<p>V roce 1999 zalo\u017eily Ing. Olga Knop-Kostkov\u00e1, Anna Hal\u00edkov\u00e1 a akad. mal. Alina Ja\u0161kov\u00e1 sdru\u017een\u00ed Krajka s c\u00edlem sdru\u017eovat krajk\u00e1\u0159ky z \u010cesk\u00e9 republiky i ze zahrani\u010d\u00ed, vyd\u00e1vat \u010dasopis, po\u0159\u00e1dat sout\u011b\u017ee a sympozia.\u00a0\u00a0V roce 2003 Olga Knop-Kostkov\u00e1 z veden\u00ed Krajky ode\u0161la. &hellip; <a href=\"https:\/\/krajka.com\/\">Cel\u00fd p\u0159\u00edsp\u011bvek <span class=\"meta-nav\">&rarr;<\/span><\/a><\/p>\n","protected":false},"author":1,"featured_media":0,"parent":0,"menu_order":0,"comment_status":"closed","ping_status":"closed","template":"","meta":{"_mi_skip_tracking":false,"footnotes":""},"class_list":["post-20","page","type-page","status-publish","hentry"],"_links":{"self":[{"href":"https:\/\/krajka.com\/index.php?rest_route=\/wp\/v2\/pages\/20","targetHints":{"allow":["GET"]}}],"collection":[{"href":"https:\/\/krajka.com\/index.php?rest_route=\/wp\/v2\/pages"}],"about":[{"href":"https:\/\/krajka.com\/index.php?rest_route=\/wp\/v2\/types\/page"}],"author":[{"embeddable":true,"href":"https:\/\/krajka.com\/index.php?rest_route=\/wp\/v2\/users\/1"}],"replies":[{"embeddable":true,"href":"https:\/\/krajka.com\/index.php?rest_route=%2Fwp%2Fv2%2Fcomments&post=20"}],"version-history":[{"count":7,"href":"https:\/\/krajka.com\/index.php?rest_route=\/wp\/v2\/pages\/20\/revisions"}],"predecessor-version":[{"id":252,"href":"https:\/\/krajka.com\/index.php?rest_route=\/wp\/v2\/pages\/20\/revisions\/252"}],"wp:attachment":[{"href":"https:\/\/krajka.com\/index.php?rest_route=%2Fwp%2Fv2%2Fmedia&parent=20"}],"curies":[{"name":"wp","href":"https:\/\/api.w.org\/{rel}","templated":true}]}}