{"id":113,"date":"2023-01-28T22:36:47","date_gmt":"2023-01-28T21:36:47","guid":{"rendered":"https:\/\/krajka.com\/?page_id=113"},"modified":"2025-01-20T22:10:02","modified_gmt":"2025-01-20T21:10:02","slug":"kontakt","status":"publish","type":"page","link":"https:\/\/krajka.com\/?page_id=113","title":{"rendered":"Kontakt"},"content":{"rendered":"\t\t<div data-elementor-type=\"wp-page\" data-elementor-id=\"113\" class=\"elementor elementor-113\">\n\t\t\t\t\t\t\t\t\t<section class=\"elementor-section elementor-top-section elementor-element elementor-element-999ac1d elementor-section-boxed elementor-section-height-default elementor-section-height-default\" data-id=\"999ac1d\" data-element_type=\"section\">\n\t\t\t\t\t\t<div class=\"elementor-container elementor-column-gap-default\">\n\t\t\t\t\t<div class=\"elementor-column elementor-col-100 elementor-top-column elementor-element elementor-element-1b96d93\" data-id=\"1b96d93\" data-element_type=\"column\">\n\t\t\t<div class=\"elementor-widget-wrap elementor-element-populated\">\n\t\t\t\t\t\t\t\t<div class=\"elementor-element elementor-element-3287a33 elementor-widget elementor-widget-text-editor\" data-id=\"3287a33\" data-element_type=\"widget\" data-widget_type=\"text-editor.default\">\n\t\t\t\t<div class=\"elementor-widget-container\">\n\t\t\t<style>\/*! elementor - v3.10.1 - 17-01-2023 *\/\n.elementor-widget-text-editor.elementor-drop-cap-view-stacked .elementor-drop-cap{background-color:#818a91;color:#fff}.elementor-widget-text-editor.elementor-drop-cap-view-framed .elementor-drop-cap{color:#818a91;border:3px solid;background-color:transparent}.elementor-widget-text-editor:not(.elementor-drop-cap-view-default) .elementor-drop-cap{margin-top:8px}.elementor-widget-text-editor:not(.elementor-drop-cap-view-default) .elementor-drop-cap-letter{width:1em;height:1em}.elementor-widget-text-editor .elementor-drop-cap{float:left;text-align:center;line-height:1;font-size:50px}.elementor-widget-text-editor .elementor-drop-cap-letter{display:inline-block}<\/style>\t\t\t\t<p><span style=\"font-size: x-large;\"><b>Spolek Krajka<br \/><\/b><\/span><b style=\"font-size: x-large; font-family: var( --e-global-typography-text-font-family ), Sans-serif;\">Na Rovin\u00e1ch 12, 142 00 Praha 4<\/b><\/p><h3 style=\"text-align: left;\"><b>Pokud m\u00e1te n\u011bjak\u00e9 dotazy nebo p\u0159ipom\u00ednky, napi\u0161te n\u00e1m na mail nebo zavolejte:\u00a0<\/b><span style=\"font-weight: var( --e-global-typography-text-font-weight ); font-family: var( --e-global-typography-text-font-family ), Sans-serif; font-size: x-large; color: var( --e-global-color-text );\">\u00a0<\/span><\/h3><h3><span style=\"font-size: x-large;\"><a href=\"mailto:redakce@krajka.com\">redakce@krajka.com<\/a><\/span><\/h3><h4 style=\"text-align: left;\"><span style=\"font-size: x-large;\"><a href=\"mailto:anna.halikova@krajka.com\">anna.halikova@krajka.com<\/a>\u00a0<br \/><\/span><span style=\"font-size: large;\">(p\u0159ihl\u00e1\u0161ky, p\u0159\u00edsp\u011bvky do \u010dasopisu, \u010dl\u00e1nky, prodej pom\u016fcek, v\u00fduka pali\u010dkov\u00e1n\u00ed a rukod\u011bln\u00fdch technik)<\/span><\/h4><h4 style=\"text-align: left;\"><span style=\"font-size: x-large;\"><a href=\"mailto:alina.jaskova@krajka.com\">alina.jaskova@krajka.com<\/a><\/span><span style=\"font-size: x-large;\">\u00a0<br \/><\/span><span style=\"font-size: large;\">(grafika, v\u00fduka pali\u010dkov\u00e1n\u00ed a v\u00fdtvarn\u00fdch technik)<\/span><\/h4><div><span style=\"font-size: large;\">\u00a0<\/span><\/div><div><h4>\u00a0<\/h4><h5>\u00a0<\/h5><h6><span style=\"font-size: x-large;\">Anna Hal\u00edkov\u00e1\u00a0<\/span><span style=\"font-size: x-large;\">+420 775 267 236<\/span><\/h6><p><span style=\"font-size: x-large;\">Alina Ja\u0161kov\u00e1<\/span>\u00a0\u00a0<span style=\"font-size: x-large;\">+420 605 285 218<\/span><\/p><p>\u00a0<\/p><p style=\"font-weight: bold;\">\u00a0<\/p><p>\u00a0<\/p><p>\u00a0<\/p><\/div><p style=\"text-align: left;\" align=\"center\">\u00a0<\/p>\t\t\t\t\t\t<\/div>\n\t\t\t\t<\/div>\n\t\t\t\t\t<\/div>\n\t\t<\/div>\n\t\t\t\t\t\t\t<\/div>\n\t\t<\/section>\n\t\t\t\t\t\t\t<\/div>\n\t\t","protected":false},"excerpt":{"rendered":"<p>Spolek KrajkaNa Rovin\u00e1ch 12, 142 00 Praha 4 Pokud m\u00e1te n\u011bjak\u00e9 dotazy nebo p\u0159ipom\u00ednky, napi\u0161te n\u00e1m na mail nebo zavolejte:\u00a0\u00a0 redakce@krajka.com anna.halikova@krajka.com\u00a0(p\u0159ihl\u00e1\u0161ky, p\u0159\u00edsp\u011bvky do \u010dasopisu, \u010dl\u00e1nky, prodej pom\u016fcek, v\u00fduka pali\u010dkov\u00e1n\u00ed a rukod\u011bln\u00fdch technik) alina.jaskova@krajka.com\u00a0(grafika, v\u00fduka pali\u010dkov\u00e1n\u00ed a v\u00fdtvarn\u00fdch technik) \u00a0 &hellip; <a href=\"https:\/\/krajka.com\/?page_id=113\">Cel\u00fd p\u0159\u00edsp\u011bvek <span class=\"meta-nav\">&rarr;<\/span><\/a><\/p>\n","protected":false},"author":1,"featured_media":0,"parent":0,"menu_order":0,"comment_status":"closed","ping_status":"closed","template":"","meta":{"_mi_skip_tracking":false,"footnotes":""},"class_list":["post-113","page","type-page","status-publish","hentry"],"_links":{"self":[{"href":"https:\/\/krajka.com\/index.php?rest_route=\/wp\/v2\/pages\/113","targetHints":{"allow":["GET"]}}],"collection":[{"href":"https:\/\/krajka.com\/index.php?rest_route=\/wp\/v2\/pages"}],"about":[{"href":"https:\/\/krajka.com\/index.php?rest_route=\/wp\/v2\/types\/page"}],"author":[{"embeddable":true,"href":"https:\/\/krajka.com\/index.php?rest_route=\/wp\/v2\/users\/1"}],"replies":[{"embeddable":true,"href":"https:\/\/krajka.com\/index.php?rest_route=%2Fwp%2Fv2%2Fcomments&post=113"}],"version-history":[{"count":6,"href":"https:\/\/krajka.com\/index.php?rest_route=\/wp\/v2\/pages\/113\/revisions"}],"predecessor-version":[{"id":437,"href":"https:\/\/krajka.com\/index.php?rest_route=\/wp\/v2\/pages\/113\/revisions\/437"}],"wp:attachment":[{"href":"https:\/\/krajka.com\/index.php?rest_route=%2Fwp%2Fv2%2Fmedia&parent=113"}],"curies":[{"name":"wp","href":"https:\/\/api.w.org\/{rel}","templated":true}]}}